{"id":642,"date":"2017-06-09T03:35:01","date_gmt":"2017-06-09T03:35:01","guid":{"rendered":"http:\/\/wordpress.templaza.net\/aventura\/?page_id=642"},"modified":"2019-03-09T10:56:19","modified_gmt":"2019-03-09T10:56:19","slug":"about-us","status":"publish","type":"page","link":"http:\/\/www.birdsnestsafaris.com\/de\/about-us\/","title":{"rendered":"\u00dcber uns"},"content":{"rendered":"<div class=\"vc_row wpb_row vc_row-fluid vc_row-gradient-none69f3d0bd06de7 vc_custom_1549195124637\"><div class=\"wpb_column vc_column_container vc_col-sm-12\"><div class=\"vc_column-inner\"><div class=\"wpb_wrapper\">\n\t<div class=\"wpb_text_column wpb_content_element\" >\n\t\t<div class=\"wpb_wrapper\">\n\t\t\t<h2 style=\"text-align: center;\">\u00dcber Birdsnestsafaris<\/h2>\n<p style=\"text-align: justify;\">Bird\u2019s Nest Safaris bietet vollst\u00e4ndig flexible und unvergessliche Urlaube oder Touren mit ma\u00dfgeschneiderten, privat gef\u00fchrten Touren durch Uganda und Ruanda an. Wir bieten qualitativ hochwertige, erschwingliche und luxuri\u00f6se Touren an. Gemeinsam arbeiten wir daran, eine Reise zu entwerfen, die zu Ihrer Zeit, Ihrem Geschmack und Ihren Vorlieben passt. Genie\u00dfen Sie die Sch\u00f6nheit der Tierwelt in Uganda und Ruanda, das Gorilla-Tracking, die Vogelbeobachtung, Primaten-Touren, Abenteuertouren wie Wildwasser-Rafting, Bungee-Jumping, Safari Wildfahrten, Kulturtouren und vieles mehr. Wir besch\u00e4ftigen professionelle englisch- und deutschsprachige Safari-Guides. Das Einzige, was unsere Guides mehr lieben als ihr Land, ist die M\u00f6glichkeit, es zu zeigen. Sie sind zug\u00e4nglich, locker und bestens vertraut mit fast allem, was Afrika zu bieten hat. Wir sind der Meinung, dass sie die besten Safari-Guides sind, mit denen man unterwegs sein kann. In unseren Reiserouten steht die Qualit\u00e4t der Tour an erster Stelle, daher wird jedes Paket nach den Bed\u00fcrfnissen und Interessen eines jeden Gastes gestaltet. Bei Bird\u2019s Nest Safaris ist die Leidenschaft f\u00fcr Naturschutz und Tourismus das, was uns antreibt.<\/p>\n\n\t\t<\/div>\n\t<\/div>\n<\/div><\/div><\/div><\/div><div data-vc-full-width=\"true\" data-vc-full-width-init=\"false\" class=\"vc_row wpb_row vc_row-fluid vc_row-gradient-none69f3d0bd07d70 vc_custom_1549195023507\"><div class=\"wpb_column vc_column_container vc_col-sm-6\"><div class=\"vc_column-inner vc_custom_1497065652303\"><div class=\"wpb_wrapper\">\n\t<div  class=\"wpb_single_image wpb_content_element vc_align_left   tz-border-1\">\n\t\t\n\t\t<figure class=\"wpb_wrapper vc_figure\">\n\t\t\t<div class=\"vc_single_image-wrapper   vc_box_border_grey\"><img width=\"555\" height=\"400\" src=\"https:\/\/www.birdsnestsafaris.com\/wp-content\/uploads\/2019\/02\/about-Birds-Safris.jpg\" class=\"vc_single_image-img attachment-full\" alt=\"\" loading=\"lazy\" srcset=\"https:\/\/www.birdsnestsafaris.com\/wp-content\/uploads\/2019\/02\/about-Birds-Safris.jpg 555w, https:\/\/www.birdsnestsafaris.com\/wp-content\/uploads\/2019\/02\/about-Birds-Safris-300x216.jpg 300w\" sizes=\"(max-width: 555px) 100vw, 555px\" \/><\/div>\n\t\t<\/figure>\n\t<\/div>\n<\/div><\/div><\/div><div class=\"wpb_column vc_column_container vc_col-sm-6\"><div class=\"vc_column-inner\"><div class=\"wpb_wrapper\"><div class=\"vc_empty_space\"   style=\"height: 32px\" ><span class=\"vc_empty_space_inner\"><\/span><\/div>\n<div class=\"smile_icon_list_wrap ult_info_list_container ult-adjust-bottom-margin\"><ul class=\"smile_icon_list left circle with_bg\"><li class=\"icon_list_item\" style=\" font-size:66px;\"><div class=\"icon_list_icon\" data-animation=\"\" data-animation-delay=\"03\" style=\"font-size:22px;border-width:3px;border-style:solid;background:#ffffff;color:#507c30;border-color:#507c30;\"><i class=\"Defaults-signal\" ><\/i><\/div><div class=\"icon_description\" id=\"Info-list-wrap-7150\" style=\"font-size:22px;\"><h3 class=\"ult-responsive info-list-heading\"  data-ultimate-target='#Info-list-wrap-7150 h3'  data-responsive-json-new='{\"font-size\":\"desktop:16px;\",\"line-height\":\"desktop:24px;\"}'  style=\"\">Unser Motto<\/h3><div class=\"icon_description_text ult-responsive\"  data-ultimate-target='#Info-list-wrap-7150 .icon_description_text'  data-responsive-json-new='{\"font-size\":\"desktop:13px;\",\"line-height\":\"desktop:18px;\"}'  style=\"\"><p>Wo alles beginnt<\/p>\n<\/div><\/div><div class=\"icon_list_connector\"  style=\"border-right-width: 1px;border-right-style: dashed;border-color: #333333;\"><\/div><\/li><li class=\"icon_list_item\" style=\" font-size:66px;\"><div class=\"icon_list_icon\" data-animation=\"\" data-animation-delay=\"03\" style=\"font-size:22px;border-width:3px;border-style:solid;background:#ffffff;color:#507c30;border-color:#507c30;\"><i class=\"Defaults-eye\" ><\/i><\/div><div class=\"icon_description\" id=\"Info-list-wrap-9770\" style=\"font-size:22px;\"><h3 class=\"ult-responsive info-list-heading\"  data-ultimate-target='#Info-list-wrap-9770 h3'  data-responsive-json-new='{\"font-size\":\"desktop:16px;\",\"line-height\":\"desktop:24px;\"}'  style=\"\">Unsere Vision<\/h3><div class=\"icon_description_text ult-responsive\"  data-ultimate-target='#Info-list-wrap-9770 .icon_description_text'  data-responsive-json-new='{\"font-size\":\"desktop:13px;\",\"line-height\":\"desktop:18px;\"}'  style=\"\"><p>Ein f\u00fchrendes Reiseunternehmen f\u00fcr Tourismusf\u00f6rderung und Naturschutz in Afrika zu sein.<\/p>\n<\/div><\/div><div class=\"icon_list_connector\"  style=\"border-right-width: 1px;border-right-style: dashed;border-color: #333333;\"><\/div><\/li><li class=\"icon_list_item\" style=\" font-size:66px;\"><div class=\"icon_list_icon\" data-animation=\"\" data-animation-delay=\"03\" style=\"font-size:22px;border-width:3px;border-style:solid;background:#ffffff;color:#507c30;border-color:#507c30;\"><i class=\"Defaults-renren\" ><\/i><\/div><div class=\"icon_description\" id=\"Info-list-wrap-2670\" style=\"font-size:22px;\"><h3 class=\"ult-responsive info-list-heading\"  data-ultimate-target='#Info-list-wrap-2670 h3'  data-responsive-json-new='{\"font-size\":\"desktop:16px;\",\"line-height\":\"desktop:24px;\"}'  style=\"\">Unsere Mission<\/h3><div class=\"icon_description_text ult-responsive\"  data-ultimate-target='#Info-list-wrap-2670 .icon_description_text'  data-responsive-json-new='{\"font-size\":\"desktop:13px;\",\"line-height\":\"desktop:18px;\"}'  style=\"\"><p>Tourismus und Naturschutz zu f\u00f6rdern und zu entwickeln, um die Wirtschaft Ugandas anzukurbeln und die Lebensqualit\u00e4t der Gemeinschaft zu verbessern.<\/p>\n<\/div><\/div><div class=\"icon_list_connector\"  style=\"border-right-width: 1px;border-right-style: dashed;border-color: #333333;\"><\/div><\/li><li class=\"icon_list_item\" style=\" font-size:66px;\"><div class=\"icon_list_icon\" data-animation=\"\" data-animation-delay=\"03\" style=\"font-size:22px;border-width:3px;border-style:solid;background:#ffffff;color:#507c30;border-color:#507c30;\"><i class=\"Defaults-sitemap\" ><\/i><\/div><div class=\"icon_description\" id=\"Info-list-wrap-1401\" style=\"font-size:22px;\"><h3 class=\"ult-responsive info-list-heading\"  data-ultimate-target='#Info-list-wrap-1401 h3'  data-responsive-json-new='{\"font-size\":\"desktop:16px;\",\"line-height\":\"desktop:24px;\"}'  style=\"\">Unsere Werte<\/h3><div class=\"icon_description_text ult-responsive\"  data-ultimate-target='#Info-list-wrap-1401 .icon_description_text'  data-responsive-json-new='{\"font-size\":\"desktop:13px;\",\"line-height\":\"desktop:18px;\"}'  style=\"\"><p>Integrit\u00e4t, Exzellente Kundenbetreuung, Zeitmanagement, Professionalit\u00e4t.<\/p>\n<\/div><\/div><div class=\"icon_list_connector\"  style=\"border-right-width: 1px;border-right-style: dashed;border-color: #333333;\"><\/div><\/li><\/ul><\/div><\/div><\/div><\/div><\/div><div class=\"vc_row-full-width vc_clearfix\"><\/div><div data-vc-full-width=\"true\" data-vc-full-width-init=\"false\" class=\"vc_row wpb_row vc_row-fluid vc_row-gradient-none69f3d0bd09d09 vc_custom_1549196601639\"><div class=\"wpb_column vc_column_container vc_col-sm-12\"><div class=\"vc_column-inner\"><div class=\"wpb_wrapper\"><div class=\"vc_row wpb_row vc_inner vc_row-fluid\"><div class=\"tz-title-about wpb_column vc_column_container vc_col-sm-12\"><div class=\"vc_column-inner vc_custom_1498464391682\"><div class=\"wpb_wrapper\">\n\t<div class=\"wpb_text_column wpb_content_element\" >\n\t\t<div class=\"wpb_wrapper\">\n\t\t\t<h2 style=\"text-align: center;\">Treffen Sie einige unserer Teammitglieder:<\/h2>\n<p style=\"text-align: center;\">Bird\u2019s Nest Safaris versteht, wie wichtig engagierte Mitarbeiter sind. Sie sind zweifellos das gr\u00f6\u00dfte Kapital eines Unternehmens. Unsere engagierten Teams setzen sich f\u00fcr unsere Kunden ein und streben danach, die besten Dienstleistungen anzubieten.<\/p>\n\n\t\t<\/div>\n\t<\/div>\n<\/div><\/div><\/div><\/div><div class=\"vc_row wpb_row vc_inner vc_row-fluid\"><div class=\"wpb_column vc_column_container vc_col-sm-6\"><div class=\"vc_column-inner\"><div class=\"wpb_wrapper\"><div id=\"ultimate-heading-527569f3d0bd0ae9d\" class=\"uvc-heading ult-adjust-bottom-margin ultimate-heading-527569f3d0bd0ae9d uvc-6409\" data-hspacer=\"no_spacer\"  data-halign=\"left\" style=\"text-align:left\"><div class=\"uvc-heading-spacer no_spacer\" style=\"top\"><\/div><div class=\"uvc-main-heading ult-responsive\"  data-ultimate-target='.uvc-heading.ultimate-heading-527569f3d0bd0ae9d h3'  data-responsive-json-new='{\"font-size\":\"\",\"line-height\":\"\"}' ><h3 style=\"font-weight:normal;color:#507c30;\">PATIENCE NINSIIMA<\/h3><\/div><div class=\"uvc-sub-heading ult-responsive\"  data-ultimate-target='.uvc-heading.ultimate-heading-527569f3d0bd0ae9d .uvc-sub-heading '  data-responsive-json-new='{\"font-size\":\"\",\"line-height\":\"\"}'  style=\"font-weight:normal;\"><strong><em>Director<\/em><\/strong><\/div><\/div>\n\t<div class=\"wpb_text_column wpb_content_element\" >\n\t\t<div class=\"wpb_wrapper\">\n\t\t\t<div class=\"mb-1 text-muted\" style=\"text-align: justify;\">Seit 2016<\/div>\n<p class=\"card-text\" style=\"text-align: justify;\">Ich wurde auf dem Lande im Westen Ugandas in der N\u00e4he des Lake Mburo Nationalparks geboren und habe ein Diplom in Tourismusmanagement. Mein langgehegter Traum und meine Leidenschaft f\u00fcr das Reisen wurden Realit\u00e4t, als ich 2011 am Tourismusinstitut einen Kurs belegte. Sp\u00e4ter habe ich freiwilligen Dienst im zweitgr\u00f6\u00dften Nationalpark Ugandas, dem Queen Elizabeth National Park, gemacht, wo ich im Wesentlichen direkt mit den Kunden gearbeitet habe. Um die Wahrheit zu sagen, mein freiwilliger Dienst und meine Leidenschaft haben eine starke Bindung zur Tierwelt und zum Naturschutz im Allgemeinen geschaffen. Sp\u00e4ter entdeckte ich meine Liebe zu V\u00f6geln, und das ist, als ich meine Zeit dem Vogelbeobachten widmete. Um es kurz zu machen, ich bin ein professioneller Vogelbeobachter und freue mich, meine Leidenschaft mit Ihnen zu teilen. Ich habe fast alle Teile von Uganda und Ruanda besucht und habe zumindest die meisten Aktivit\u00e4ten gemacht, angefangen beim Gorilla-Tracking. Durch meine Erfahrungen wei\u00df ich wirklich, was vor Ort passiert, und werde Ihre Safari unvergesslich machen.<\/p>\n<p style=\"text-align: justify;\">Vielen Dank<\/p>\n\n\t\t<\/div>\n\t<\/div>\n<\/div><\/div><\/div><div class=\"wpb_column vc_column_container vc_col-sm-6\"><div class=\"vc_column-inner\"><div class=\"wpb_wrapper\">\n\t<div  class=\"wpb_single_image wpb_content_element vc_align_left  vc_custom_1549196559960\">\n\t\t\n\t\t<figure class=\"wpb_wrapper vc_figure\">\n\t\t\t<div class=\"vc_single_image-wrapper   vc_box_border_grey\"><img width=\"555\" height=\"400\" src=\"https:\/\/www.birdsnestsafaris.com\/wp-content\/uploads\/2019\/02\/patience-nisiima.jpg\" class=\"vc_single_image-img attachment-full\" alt=\"\" loading=\"lazy\" srcset=\"https:\/\/www.birdsnestsafaris.com\/wp-content\/uploads\/2019\/02\/patience-nisiima.jpg 555w, https:\/\/www.birdsnestsafaris.com\/wp-content\/uploads\/2019\/02\/patience-nisiima-300x216.jpg 300w\" sizes=\"(max-width: 555px) 100vw, 555px\" \/><\/div>\n\t\t<\/figure>\n\t<\/div>\n<\/div><\/div><\/div><\/div><\/div><\/div><\/div><\/div><div class=\"vc_row-full-width vc_clearfix\"><\/div><div data-vc-full-width=\"true\" data-vc-full-width-init=\"false\" class=\"vc_row wpb_row vc_row-fluid vc_row-gradient-none69f3d0bd0baad vc_custom_1549196683358\"><div class=\"wpb_column vc_column_container vc_col-sm-6\"><div class=\"vc_column-inner\"><div class=\"wpb_wrapper\">\n\t<div  class=\"wpb_single_image wpb_content_element vc_align_left  vc_custom_1549196569682\">\n\t\t\n\t\t<figure class=\"wpb_wrapper vc_figure\">\n\t\t\t<div class=\"vc_single_image-wrapper   vc_box_border_grey\"><img width=\"555\" height=\"400\" src=\"https:\/\/www.birdsnestsafaris.com\/wp-content\/uploads\/2019\/02\/Director.jpg\" class=\"vc_single_image-img attachment-full\" alt=\"\" loading=\"lazy\" srcset=\"https:\/\/www.birdsnestsafaris.com\/wp-content\/uploads\/2019\/02\/Director.jpg 555w, https:\/\/www.birdsnestsafaris.com\/wp-content\/uploads\/2019\/02\/Director-300x216.jpg 300w\" sizes=\"(max-width: 555px) 100vw, 555px\" \/><\/div>\n\t\t<\/figure>\n\t<\/div>\n<\/div><\/div><\/div><div class=\"wpb_column vc_column_container vc_col-sm-6\"><div class=\"vc_column-inner\"><div class=\"wpb_wrapper\"><div id=\"ultimate-heading-79669f3d0bd0c420\" class=\"uvc-heading ult-adjust-bottom-margin ultimate-heading-79669f3d0bd0c420 uvc-9092\" data-hspacer=\"no_spacer\"  data-halign=\"left\" style=\"text-align:left\"><div class=\"uvc-heading-spacer no_spacer\" style=\"top\"><\/div><div class=\"uvc-main-heading ult-responsive\"  data-ultimate-target='.uvc-heading.ultimate-heading-79669f3d0bd0c420 h3'  data-responsive-json-new='{\"font-size\":\"\",\"line-height\":\"\"}' ><h3 style=\"font-weight:normal;color:#507c30;\">JUSTINE ADEBE<\/h3><\/div><div class=\"uvc-sub-heading ult-responsive\"  data-ultimate-target='.uvc-heading.ultimate-heading-79669f3d0bd0c420 .uvc-sub-heading '  data-responsive-json-new='{\"font-size\":\"\",\"line-height\":\"\"}'  style=\"font-weight:normal;\"><strong><em>Director<\/em><\/strong><\/div><\/div>\n\t<div class=\"wpb_text_column wpb_content_element\" >\n\t\t<div class=\"wpb_wrapper\">\n\t\t\t<p style=\"text-align: justify;\"><strong>Seit 2016<\/strong><br \/>\nGeboren im Nordosten Ugandas, mit einem Bachelor-Abschluss in Internationalen Wirtschaftsstudien, ist meine Liebe und Leidenschaft f\u00fcr den Tourismus seit meiner Kindheit vorhanden. Ich habe viele Filme \u00fcber Tourismus und Kultur gesehen, wie zum Beispiel \"The Gods Must Be Crazy\" und \"George of the Jungle\", die mich oft zum Lachen gebracht haben. Ich habe mich entschieden, dass dies ist, was ich tun m\u00f6chte. Ich habe mich einem der besten Tourunternehmen in meinem Land angeschlossen und sowohl als weibliche Reiseleiterin als auch als Reservierungsbeauftragte gearbeitet. Ich habe meine Arbeit genossen, Reiserouten zusammen mit meinen Kunden entworfen, mit ihnen interagiert und sie in viele Teile Ugandas begleitet. Dadurch habe ich viel Erfahrung gesammelt und wei\u00df fast alles \u00fcber die Sehensw\u00fcrdigkeiten in Uganda. Ich habe die meisten Aktivit\u00e4ten gemacht und bin bereit, meine Erfahrungen mit Ihnen zu teilen. Ich bin eine lebensfrohe Person und Sie werden sicherlich eine sch\u00f6ne Zeit mit mir haben.<br \/>\nVielen Dank<\/p>\n\n\t\t<\/div>\n\t<\/div>\n<\/div><\/div><\/div><\/div><div class=\"vc_row-full-width vc_clearfix\"><\/div><div data-vc-full-width=\"true\" data-vc-full-width-init=\"false\" class=\"vc_row wpb_row vc_row-fluid vc_row-gradient-none69f3d0bd0c6cf vc_custom_1549198616625\"><div class=\"wpb_column vc_column_container vc_col-sm-12\"><div class=\"vc_column-inner vc_custom_1497068347138\"><div class=\"wpb_wrapper\"><div class=\"vc_row wpb_row vc_inner vc_row-fluid vc_custom_1549198609723\"><div class=\"wpb_column vc_column_container vc_col-sm-6\"><div class=\"vc_column-inner\"><div class=\"wpb_wrapper\"><h2 style=\"text-align: right;font-family:Abril Fatface;font-weight:400;font-style:normal\" class=\"vc_custom_heading safari\" >Bird's Nest Safaris ist auch auf vertreten auf<\/h2><\/div><\/div><\/div><div class=\"wpb_column vc_column_container vc_col-sm-6\"><div class=\"vc_column-inner\"><div class=\"wpb_wrapper\">\n\t<div  class=\"wpb_single_image wpb_content_element vc_align_left\">\n\t\t\n\t\t<figure class=\"wpb_wrapper vc_figure\">\n\t\t\t<a href=\"https:\/\/www.safaribookings.com\/p3638\" target=\"_blank\" class=\"vc_single_image-wrapper   vc_box_border_grey\"><img width=\"332\" height=\"162\" src=\"https:\/\/www.birdsnestsafaris.com\/wp-content\/uploads\/2019\/02\/safari-booking.jpg\" class=\"vc_single_image-img attachment-full\" alt=\"\" loading=\"lazy\" srcset=\"https:\/\/www.birdsnestsafaris.com\/wp-content\/uploads\/2019\/02\/safari-booking.jpg 332w, https:\/\/www.birdsnestsafaris.com\/wp-content\/uploads\/2019\/02\/safari-booking-300x146.jpg 300w\" sizes=\"(max-width: 332px) 100vw, 332px\" \/><\/a>\n\t\t<\/figure>\n\t<\/div>\n<\/div><\/div><\/div><\/div><\/div><\/div><\/div><\/div><div class=\"vc_row-full-width vc_clearfix\"><\/div>","protected":false},"excerpt":{"rendered":"About Bird's Nest Safaris Bird's Nest safaris offers Complete flexible and unforgettable holidays or Tours with Tailor-made, privately guided tours of Uganda and Rwanda, we offer quality, affordable and Luxury tours. Together we work to design a trip that will suit your time, taste and specifications. Enjoy the beauty of Uganda and Rwanda wildlife, Gorilla [...]","protected":false},"author":1,"featured_media":0,"parent":0,"menu_order":0,"comment_status":"closed","ping_status":"closed","template":"","meta":[],"_links":{"self":[{"href":"http:\/\/www.birdsnestsafaris.com\/de\/wp-json\/wp\/v2\/pages\/642"}],"collection":[{"href":"http:\/\/www.birdsnestsafaris.com\/de\/wp-json\/wp\/v2\/pages"}],"about":[{"href":"http:\/\/www.birdsnestsafaris.com\/de\/wp-json\/wp\/v2\/types\/page"}],"author":[{"embeddable":true,"href":"http:\/\/www.birdsnestsafaris.com\/de\/wp-json\/wp\/v2\/users\/1"}],"replies":[{"embeddable":true,"href":"http:\/\/www.birdsnestsafaris.com\/de\/wp-json\/wp\/v2\/comments?post=642"}],"version-history":[{"count":37,"href":"http:\/\/www.birdsnestsafaris.com\/de\/wp-json\/wp\/v2\/pages\/642\/revisions"}],"predecessor-version":[{"id":2113,"href":"http:\/\/www.birdsnestsafaris.com\/de\/wp-json\/wp\/v2\/pages\/642\/revisions\/2113"}],"wp:attachment":[{"href":"http:\/\/www.birdsnestsafaris.com\/de\/wp-json\/wp\/v2\/media?parent=642"}],"curies":[{"name":"wp","href":"https:\/\/api.w.org\/{rel}","templated":true}]}}